{"id":7814,"date":"2024-03-04T14:43:21","date_gmt":"2024-03-04T13:43:21","guid":{"rendered":"https:\/\/www.maurideangelis.com\/?post_type=product&#038;p=7814"},"modified":"2025-05-29T18:00:03","modified_gmt":"2025-05-29T16:00:03","slug":"a-lange-sohne-lange-1-darth-black-dial-platinum-full-set-excellent-conditions","status":"publish","type":"product","link":"https:\/\/www.maurideangelis.com\/en\/product\/a-lange-sohne-lange-1-darth-black-dial-platinum-full-set-excellent-conditions\/","title":{"rendered":"A. Lange &amp; S\u00f6hne Lange 1 &#039;Darth&#039; \u2013 Black Dial \u2013 Platinum \u2013 Full Set \u2013 Excellent Conditions"},"content":{"rendered":"<p>&nbsp;<\/p>\n<div id=\"wt-dealer-offer\" class=\"dealer-offer-listing\">\n<div class=\"col-sm-24 col-lg-18 p-x-0\">\n<div class=\"ct-encoded-form-wrapper\"><div class=\"ct-encoded-form-loader\"><\/div><div class=\"ct-encoded-form\" data-encoded-form=\"PGZvcm0gY2xhc3M9ImpzLWRlYWxlci1vZmZlci1mb3JtIGZvcm0taG9yaXpvbnRhbCIgYWN0aW9uPSJodHRwczovL3d3dy5jaHJvbm8yNC5pdC9kZWFsZXItYXJlYS9vZmZlci9tb2RpZnktb2ZmZXIuaHRtP19fYXQ9MTcwOTU1ODg3OS54M3hBQkhDM09OX3ZMUnZValFYRVdOY0g3a3dyVlh2ektoalA4NkR2NHVzLkFYRzFWZGpEMXBKMjVWanRZcVIydXFfU1llekwiIG1ldGhvZD0icG9zdCIgbm92YWxpZGF0ZT0ibm92YWxpZGF0ZSI+CjxkaXYgY2xhc3M9Im1heGltaXplZCBiZy13aGl0ZSBzdGlja3ktc2F2ZS1iYXIgbS10LTQgbS10LXNtLTAiIGRhdGEtdi0wMGJlOGFmNj0iIj4KPGRpdiBjbGFzcz0ic3RpY2t5LXNhdmUtYmFyLXN1YiBkLWZsZXggZmxleC1jb2x1bW4gZmxleC1zbS1yb3cgYWxpZ24taXRlbXMtY2VudGVyIiBkYXRhLXYtMDBiZThhZjY9IiI+CjxkaXYgY2xhc3M9ImQtZmxleCBmbGV4LWNvbHVtbiBmbGV4LXNtLXJvdyBhbGlnbi1pdGVtcy1jZW50ZXIiIGRhdGEtdi0wMGJlOGFmNj0iIj48c3BhbiBjbGFzcz0iZC1ub25lIGQtc20tZmxleCBhbGlnbi1pdGVtcy1jZW50ZXIgdGV4dC1sZyBtLWItMiBtLWItc20tMCBtLXItc20tNCIgZGF0YS12LTAwYmU4YWY2PSIiPjxzdHJvbmcgZGF0YS12LTAwYmU4YWY2PSIiPkEuIExhbmdlICZhbXA7IFPDtmhuZSBMYW5nZSAxICYjODIxNjtEYXJ0aCYjODIxNzsgJiM4MjExOyBCbGFjayBEaWFsICYjODIxMTsgUGxhdGludW0gJiM4MjExOyBGdWxsIFNldCAmIzgyMTE7IEV4Y2VsbGVudCBDb25kaXRpb25zPC9zdHJvbmc+PC9zcGFuPjwvZGl2Pgo8L2Rpdj4KPC9kaXY+CjxkaXYgY2xhc3M9ImQtbm9uZSBkLXNtLWJsb2NrIHN0aWNreS1zYXZlLWJhci1oZWxwZXIiPjwvZGl2Pgo8L2Zvcm0+\"><\/div><\/div>\n<\/div>\n<\/div>\n<p><span style=\"font-weight: 400;\">Founded in 1845 by Ferdinand Adolph Lange in Glash\u00fctte, a small German town, A. Lange &amp; S\u00f6hne (originally A. Lange &amp; Cie) has always represented the excellence of Teutonic watchmaking.<\/span><\/p>\n<p><span style=\"font-weight: 400;\">After the fall of the Berlin Wall in 1989 and the reunification of Germany, the Lange family decided to take back control of the company after it had closed in 1948. In 1990, Walter Lange, great-grandson of Ferdinand Adolph Lange, with the help of the already successful manager G\u00fcnter Bl\u00fcmlein, re-established A. Lange &amp; S\u00f6hne in Glash\u00fctte. The first watch collection released after the rebirth was presented in 1994 and included 4 models, including the famous Lange 1.<\/span><\/p>\n<aside id=\"vue-message-center\" class=\"close-message-center message-center d-flex flex-column\">\n<div class=\"mesage-center-content d-flex flex-grow-1\">\n<section class=\"d-flex w-100 flex-column message-center-profile\" data-v-6670a897=\"\">\n<div class=\"d-flex flex-column flex-grow-1\" data-v-6670a897=\"\"><\/div>\n<\/section>\n<\/div>\n<\/aside>\n<p><span style=\"font-weight: 400;\">The reference 101.005, also known as the \u201cStealth\u201d, was part of the original Lange 1 collection introduced at the company&#039;s relaunch, with its platinum case and rhodium-plated dial it offered a <\/span><i><span style=\"font-weight: 400;\">look <\/span><\/i><span style=\"font-weight: 400;\">monochrome that clearly differentiates itself from the gold versions with contrasting dials. Since then, the watch has remained a point of reference in the Maison&#039;s catalogues, evolving into the refs. 101.025 and 191.025, the latter still in production today.<\/span><\/p>\n<p><span style=\"font-weight: 400;\">Lange decided to accompany the second version of the \u201cStealth\u201d with the \u201cDarth\u201d, a new dial configuration, recognisable by the reference number 101.035. The case is always in platinum while the dial, the counters and even the hour disc are in platinum. <em>oversized dates<\/em> they become completely black. <\/span><\/p>\n<p><span style=\"font-weight: 400;\">The two watches, seen side by side, appear to be the opposite of each other, creating a sense of symmetry and harmony within the catalogue: two concepts that have always been fundamental for the maison.<\/span><\/p>\n<p>&nbsp;<\/p>\n<p><span style=\"font-weight: 400;\">Produced from 1999 to 2006, the \u201cDarth\u201d is today one of the most collectible versions of the Lange 1 series thanks to its distinctive look <\/span><i><span style=\"font-weight: 400;\">total black: <\/span><\/i><span style=\"font-weight: 400;\">today exclusively reserved for the most special and important editions produced by the Maison.<\/span><\/p>\n<p>&nbsp;<\/p>\n<p>&nbsp;<\/p>\n<p>This watch <span class=\"d-none d-sm-flex align-items-center text-lg m-b-2 m-b-sm-0 m-r-sm-4\" data-v-00be8af6=\"\"><strong data-v-00be8af6=\"\">A. Lange &amp; S\u00f6hne Lange 1 &#039;Darth&#039; <\/strong><\/span> reference<strong> 101.035<\/strong> boasts the following features:<\/p>\n<p>&nbsp;<\/p>\n<p>Platinum case and buckle<\/p>\n<p>Excellent conditions<\/p>\n<p>Full Set<\/p>\n<p>&nbsp;<\/p>\n<p>This prestigious <span class=\"d-none d-sm-flex align-items-center text-lg m-b-2 m-b-sm-0 m-r-sm-4\" data-v-00be8af6=\"\"><strong data-v-00be8af6=\"\">A. Lange &amp; S\u00f6hne Lange 1 &#039;Darth&#039; <\/strong><\/span> reference<strong> 101.035<\/strong> is available for sale at our DEANGELIS Boutique in Milan.<\/p>","protected":false},"excerpt":{"rendered":"<p><strong>LS002<\/strong><\/p>","protected":false},"featured_media":7815,"template":"","meta":{"_acf_changed":false,"_uf_show_specific_survey":0,"_uf_disable_surveys":false},"product_brand":[],"product_cat":[28,182],"product_tag":[],"class_list":{"0":"post-7814","1":"product","2":"type-product","3":"status-publish","4":"has-post-thumbnail","6":"product_cat-orologi","7":"product_cat-shop","9":"first","10":"instock","11":"shipping-taxable","12":"purchasable","13":"product-type-simple"},"acf":[],"aioseo_notices":[],"_links":{"self":[{"href":"https:\/\/www.maurideangelis.com\/en\/wp-json\/wp\/v2\/product\/7814","targetHints":{"allow":["GET"]}}],"collection":[{"href":"https:\/\/www.maurideangelis.com\/en\/wp-json\/wp\/v2\/product"}],"about":[{"href":"https:\/\/www.maurideangelis.com\/en\/wp-json\/wp\/v2\/types\/product"}],"wp:featuredmedia":[{"embeddable":true,"href":"https:\/\/www.maurideangelis.com\/en\/wp-json\/wp\/v2\/media\/7815"}],"wp:attachment":[{"href":"https:\/\/www.maurideangelis.com\/en\/wp-json\/wp\/v2\/media?parent=7814"}],"wp:term":[{"taxonomy":"product_brand","embeddable":true,"href":"https:\/\/www.maurideangelis.com\/en\/wp-json\/wp\/v2\/product_brand?post=7814"},{"taxonomy":"product_cat","embeddable":true,"href":"https:\/\/www.maurideangelis.com\/en\/wp-json\/wp\/v2\/product_cat?post=7814"},{"taxonomy":"product_tag","embeddable":true,"href":"https:\/\/www.maurideangelis.com\/en\/wp-json\/wp\/v2\/product_tag?post=7814"}],"curies":[{"name":"wp","href":"https:\/\/api.w.org\/{rel}","templated":true}]}}