{"id":5741,"date":"2023-08-22T10:49:29","date_gmt":"2023-08-22T08:49:29","guid":{"rendered":"https:\/\/www.maurideangelis.com\/?post_type=product&#038;p=5741"},"modified":"2024-06-12T13:17:03","modified_gmt":"2024-06-12T11:17:03","slug":"gmt-master-16750-pepsi-bezel-pallettoni-dial-rolex-warranty-excellent-conditions","status":"publish","type":"product","link":"https:\/\/www.maurideangelis.com\/en\/product\/gmt-master-16750-pepsi-bezel-pallettoni-dial-rolex-warranty-excellent-conditions\/","title":{"rendered":"GMT-Master 16750 Pepsi Bezel \u2013 Buckshot Dial \u2013 Rolex Warranty \u2013 Excellent Conditions"},"content":{"rendered":"<p><span data-sheets-value=\"{&quot;1&quot;:2,&quot;2&quot;:&quot;ROLEX GMT-MASTER 16750 LUNETTA PEPSI - QUADRANTE NERO nnIl GMT \u00e8 stato un modello fondamentale nelle collezioni Rolex sin dalla sua introduzione nel 1954. Inizialmente fu progettato in collaborazione con Pan American World Airways (una compagnia aerea, che ha presentato istanza di fallimento nel 1991 ed \u00e8 stata parzialmente acquistata da Delta Airlines) . Negli anni '50, l'industria aeronautica guadagn\u00f2 grande popolarit\u00e0 e i piloti e il loro equipaggio iniziarono ad intraprendere un maggior numero di voli a lunga distanza. Questo fu il motivo per cui Rolex introduesse ill GMT Master per Pan Am. La lunetta (indicazione 24 ore) era una caratteristica chiave innovativa che permetteva a chi la indossava di fare riferimento contemporaneamente a due diversi fusi orari. La quarta lancetta (visualizzazione delle 24 ore) consente a chi lo indossa di impostare l'orologio su qualsiasi fuso orario per la visualizzazione dell'ora principale, quindi impostare la lunetta girevole della scala delle 24 ore su un secondo fuso orario. Per chi non lo sapesse, GMT sta per &quot;Greenwich Mean Time&quot;. Uno dei GMT importanti e rari precedentemente menzionati \u00e8 il riferimento 16718nnQuesto orologio Rolex di secondo polso referenza 16750 vanta le seguenti caratteristiche:nnCassa e bracciale in acciaionQuadrante nero bicchierininLunetta PepsinnnQuesto raro e lussuoso orologio Rolex Vitage 16750 \u00e8 disponibile presso il nostro Milano Boutique di Milanon&quot;}\" data-sheets-userformat=\"{&quot;2&quot;:29565,&quot;3&quot;:{&quot;1&quot;:0},&quot;5&quot;:{&quot;1&quot;:[{&quot;1&quot;:2,&quot;2&quot;:0,&quot;5&quot;:{&quot;1&quot;:2,&quot;2&quot;:0}},{&quot;1&quot;:0,&quot;2&quot;:0,&quot;3&quot;:3},{&quot;1&quot;:1,&quot;2&quot;:0,&quot;4&quot;:1}]},&quot;6&quot;:{&quot;1&quot;:[{&quot;1&quot;:2,&quot;2&quot;:0,&quot;5&quot;:{&quot;1&quot;:2,&quot;2&quot;:0}},{&quot;1&quot;:0,&quot;2&quot;:0,&quot;3&quot;:3},{&quot;1&quot;:1,&quot;2&quot;:0,&quot;4&quot;:1}]},&quot;7&quot;:{&quot;1&quot;:[{&quot;1&quot;:2,&quot;2&quot;:0,&quot;5&quot;:{&quot;1&quot;:2,&quot;2&quot;:0}},{&quot;1&quot;:0,&quot;2&quot;:0,&quot;3&quot;:3},{&quot;1&quot;:1,&quot;2&quot;:0,&quot;4&quot;:1}]},&quot;8&quot;:{&quot;1&quot;:[{&quot;1&quot;:2,&quot;2&quot;:0,&quot;5&quot;:{&quot;1&quot;:2,&quot;2&quot;:0}},{&quot;1&quot;:0,&quot;2&quot;:0,&quot;3&quot;:3},{&quot;1&quot;:1,&quot;2&quot;:0,&quot;4&quot;:1}]},&quot;9&quot;:1,&quot;11&quot;:4,&quot;12&quot;:0,&quot;15&quot;:&quot;Lato, Arial&quot;,&quot;16&quot;:11,&quot;17&quot;:1}\">ROLEX GMT-MASTER 16750 PEPSI BEZEL \u2013 BLACK DIAL<\/span><\/p>\n<p>The GMT has been a staple model in Rolex collections since its introduction in 1954. It was initially designed in collaboration with Pan American World Airways (an airline, which filed for bankruptcy in 1991 and was partially purchased by Delta Airlines). In the 1950s, the aviation industry gained great popularity and pilots and their crew began to undertake more long-distance flights. This was why Rolex introduced the GMT Master for Pan Am. The bezel (24-hour indication) was a key innovative feature that allowed the wearer to reference two different time zones simultaneously. The fourth hand (24-hour display) allows the wearer to set the watch to any time zone for the main time display, then set the rotating 24-hour scale bezel to a second time zone. For those who don&#039;t know, GMT stands for &quot;Greenwich Mean Time&quot;. One of the previously mentioned important and rare GMTs is the reference 16718<\/p>\n<p>This second-hand Rolex watch reference 16750 boasts the following features:<\/p>\n<p>Steel case and bracelet<br \/>\nBlack buckshot dial<br \/>\nPepsi bezel<\/p>\n<p>This rare and luxurious Rolex Vitage 16750 watch is available at our Milano Boutique in Milan<\/p>","protected":false},"excerpt":{"rendered":"<p><strong>RX433<\/strong><\/p>","protected":false},"featured_media":5742,"template":"","meta":{"_acf_changed":false,"_uf_show_specific_survey":0,"_uf_disable_surveys":false},"product_brand":[],"product_cat":[27],"product_tag":[],"class_list":{"0":"post-5741","1":"product","2":"type-product","3":"status-publish","4":"has-post-thumbnail","6":"product_cat-archivio-storico","7":"pa_case-material-stainless-steel","8":"pa_case-size-40-mm","9":"pa_glass-plexiglass","10":"pa_model-gmt-master","11":"pa_movement-mechanical-automatic","12":"pa_reference-460","13":"pa_set-full-set","14":"pa_strap-bracelet-material-stainless-steel","15":"pa_year-2-122","17":"first","18":"outofstock","19":"purchasable","20":"product-type-simple"},"acf":[],"aioseo_notices":[],"_links":{"self":[{"href":"https:\/\/www.maurideangelis.com\/en\/wp-json\/wp\/v2\/product\/5741","targetHints":{"allow":["GET"]}}],"collection":[{"href":"https:\/\/www.maurideangelis.com\/en\/wp-json\/wp\/v2\/product"}],"about":[{"href":"https:\/\/www.maurideangelis.com\/en\/wp-json\/wp\/v2\/types\/product"}],"wp:featuredmedia":[{"embeddable":true,"href":"https:\/\/www.maurideangelis.com\/en\/wp-json\/wp\/v2\/media\/5742"}],"wp:attachment":[{"href":"https:\/\/www.maurideangelis.com\/en\/wp-json\/wp\/v2\/media?parent=5741"}],"wp:term":[{"taxonomy":"product_brand","embeddable":true,"href":"https:\/\/www.maurideangelis.com\/en\/wp-json\/wp\/v2\/product_brand?post=5741"},{"taxonomy":"product_cat","embeddable":true,"href":"https:\/\/www.maurideangelis.com\/en\/wp-json\/wp\/v2\/product_cat?post=5741"},{"taxonomy":"product_tag","embeddable":true,"href":"https:\/\/www.maurideangelis.com\/en\/wp-json\/wp\/v2\/product_tag?post=5741"}],"curies":[{"name":"wp","href":"https:\/\/api.w.org\/{rel}","templated":true}]}}