{"id":5008,"date":"2023-07-25T17:25:45","date_gmt":"2023-07-25T15:25:45","guid":{"rendered":"https:\/\/www.maurideangelis.com\/?post_type=product&#038;p=5008"},"modified":"2024-06-12T13:17:03","modified_gmt":"2024-06-12T11:17:03","slug":"cartier-tonneau-salmon-dial-factory-diamond-bezel-excellent-conditions","status":"publish","type":"product","link":"https:\/\/www.maurideangelis.com\/en\/product\/cartier-tonneau-salmon-dial-factory-diamond-bezel-excellent-conditions\/","title":{"rendered":"Cartier Tonneau Salmon Dial \u2013 Factory Diamond Bezel \u2013 Excellent Conditions"},"content":{"rendered":"<p><span data-sheets-value=\"{&quot;1&quot;:2,&quot;2&quot;:&quot;CARTIER TONNEAU QUADRANTE SALMONE CON GHIERA DIAMANTI\\n\\nIl modello Tonneau fu introdotto nel 1906, appena due anni dopo il primo orologio da polso da uomo, il Cartier Santos. Tonneau \u00e8 stato un precursore dei gusti dell'era Art D\u00e9co che presto sarebbe seguita: forme insolite forti, audaci, geometriche e di buon gusto.\\nIl Tonneau \u00e8 stato il secondo modello di orologio di Cartier, introdotto nel 1906, appena due anni dopo l'iconico Santos-Dumont. Nonostante la sua storia, il Tonneau, tuttavia, \u00e8 sfuggito alla popolarit\u00e0 mainstream di cui hanno goduto altri modelli Cartier. Era, ed \u00e8 tuttora, davvero un orologio da intenditori.\\n\\nIl seguente orologio di secondo polso Cartier Tonneau presenta le seguenti caratteristiche:\\n\\nCassa e deployante in oro bianco 18k\\nQuadrante salmone\\nLunetta diamantata 'Factory'\\n\\nQuesto orologio di lusso secondo polso Cartier Tonneau \u00e8 disponibile alla vendita presso la nostra Boutique DEANGELIS di Milano.&quot;}\" data-sheets-userformat=\"{&quot;2&quot;:4991,&quot;3&quot;:{&quot;1&quot;:0},&quot;4&quot;:{&quot;1&quot;:2,&quot;2&quot;:16777215},&quot;5&quot;:{&quot;1&quot;:[{&quot;1&quot;:2,&quot;2&quot;:0,&quot;5&quot;:{&quot;1&quot;:2,&quot;2&quot;:0}},{&quot;1&quot;:0,&quot;2&quot;:0,&quot;3&quot;:3},{&quot;1&quot;:1,&quot;2&quot;:0,&quot;4&quot;:1}]},&quot;6&quot;:{&quot;1&quot;:[{&quot;1&quot;:2,&quot;2&quot;:0,&quot;5&quot;:{&quot;1&quot;:2,&quot;2&quot;:0}},{&quot;1&quot;:0,&quot;2&quot;:0,&quot;3&quot;:3},{&quot;1&quot;:1,&quot;2&quot;:0,&quot;4&quot;:1}]},&quot;7&quot;:{&quot;1&quot;:[{&quot;1&quot;:2,&quot;2&quot;:0,&quot;5&quot;:{&quot;1&quot;:2,&quot;2&quot;:0}},{&quot;1&quot;:0,&quot;2&quot;:0,&quot;3&quot;:3},{&quot;1&quot;:1,&quot;2&quot;:0,&quot;4&quot;:1}]},&quot;8&quot;:{&quot;1&quot;:[{&quot;1&quot;:2,&quot;2&quot;:0,&quot;5&quot;:{&quot;1&quot;:2,&quot;2&quot;:0}},{&quot;1&quot;:0,&quot;2&quot;:0,&quot;3&quot;:3},{&quot;1&quot;:1,&quot;2&quot;:0,&quot;4&quot;:1}]},&quot;9&quot;:1,&quot;11&quot;:4,&quot;12&quot;:0,&quot;15&quot;:&quot;Lato&quot;}\">CARTIER TONNEAU SALMON DIAL WITH DIAMOND BEZEL<\/span><\/p>\n<p>The Tonneau model was introduced in 1906, just two years after the first men&#039;s wristwatch, the Cartier Santos. Tonneau was a precursor to the tastes of the Art Deco era that would soon follow: strong, bold, geometric and tasteful unusual shapes.<br \/>\nThe Tonneau was Cartier&#039;s second watch model, introduced in 1906, just two years after the iconic Santos-Dumont. Despite its history, the Tonneau, however, has escaped the mainstream popularity that other Cartier models have enjoyed. It was, and still is, truly a connoisseur&#039;s watch.<\/p>\n<p>The following second-hand Cartier Tonneau watch has the following characteristics:<\/p>\n<p>18k white gold case and deployant<br \/>\nSalmon dial<br \/>\n&#039;Factory&#039; diamond bezel<\/p>\n<p>&nbsp;<\/p>","protected":false},"excerpt":{"rendered":"<p><strong>CR05<\/strong><\/p>","protected":false},"featured_media":5009,"template":"","meta":{"_acf_changed":false,"_uf_show_specific_survey":0,"_uf_disable_surveys":false},"product_brand":[],"product_cat":[27],"product_tag":[],"class_list":{"0":"post-5008","1":"product","2":"type-product","3":"status-publish","4":"has-post-thumbnail","6":"product_cat-archivio-storico","7":"pa_case-material-18kt-white-gold","8":"pa_case-size-39-2-x-21-mm","9":"pa_glass-crystal-shappire","10":"pa_model-tonneau","11":"pa_movement-mechanical-movement-manual-widing","12":"pa_reference-we400131","13":"pa_strap-bracelet-material-blue-alligator-strap","14":"pa_year-2-147","16":"first","17":"outofstock","18":"product-type-simple"},"acf":[],"aioseo_notices":[],"_links":{"self":[{"href":"https:\/\/www.maurideangelis.com\/en\/wp-json\/wp\/v2\/product\/5008","targetHints":{"allow":["GET"]}}],"collection":[{"href":"https:\/\/www.maurideangelis.com\/en\/wp-json\/wp\/v2\/product"}],"about":[{"href":"https:\/\/www.maurideangelis.com\/en\/wp-json\/wp\/v2\/types\/product"}],"wp:featuredmedia":[{"embeddable":true,"href":"https:\/\/www.maurideangelis.com\/en\/wp-json\/wp\/v2\/media\/5009"}],"wp:attachment":[{"href":"https:\/\/www.maurideangelis.com\/en\/wp-json\/wp\/v2\/media?parent=5008"}],"wp:term":[{"taxonomy":"product_brand","embeddable":true,"href":"https:\/\/www.maurideangelis.com\/en\/wp-json\/wp\/v2\/product_brand?post=5008"},{"taxonomy":"product_cat","embeddable":true,"href":"https:\/\/www.maurideangelis.com\/en\/wp-json\/wp\/v2\/product_cat?post=5008"},{"taxonomy":"product_tag","embeddable":true,"href":"https:\/\/www.maurideangelis.com\/en\/wp-json\/wp\/v2\/product_tag?post=5008"}],"curies":[{"name":"wp","href":"https:\/\/api.w.org\/{rel}","templated":true}]}}