{"id":11772,"date":"2026-04-10T18:30:41","date_gmt":"2026-04-10T16:30:41","guid":{"rendered":"https:\/\/www.maurideangelis.com\/?post_type=product&#038;p=11772"},"modified":"2026-04-10T11:06:09","modified_gmt":"2026-04-10T09:06:09","slug":"audemars-piguet-royal-oak-jumbo-15002st-20th-anniversary-dark-blue-dial-rare-full-set","status":"publish","type":"product","link":"https:\/\/www.maurideangelis.com\/en\/product\/audemars-piguet-royal-oak-jumbo-15002st-20th-anniversary-dark-blue-dial-rare-full-set\/","title":{"rendered":"Audemars Piguet Royal Oak Jumbo 15002ST &#8211; 20th Anniversary &#8211; Dark Blue Dial &#8211; Rare &#8211; Full Set"},"content":{"rendered":"<p><strong>Audemars Piguet Royal Oak Jumbo 15002ST &#8211; 20th Anniversary &#8211; Dark Blue Dial &#8211; Rare &#8211; Full Set<\/strong><\/p>\n<p>&nbsp;<\/p>\n<p>Audemars Piguet Royal Oak is considered the myth of luxury sports watches. It all began in the early 1970s thanks to the revolutionary Gerald Genta, developing a monobloc case with an octagonal bezel installed and welded by eight hexagonal screws with the iconic Tapisserie dial and its dark gray color.<br \/>\nLa Audemars Piguet Royal Oak ref. 15002ST si inserisce nella continuit\u00e0 diretta del modello che ha rivoluzionato l\u2019orologeria sportiva di lusso nel 1972, disegnato da G\u00e9rald Genta. Introdotta nei primi anni \u201990 per celebrare il 20\u00b0 anniversario della Royal Oak, questa referenza rappresenta una reinterpretazione fedele dello spirito originale \u201cJumbo\u201d, mantenendo proporzioni sottili ed eleganti unite alla caratteristica cassa in acciaio con bracciale integrato. Prodotta in numeri contenuti, \u00e8 oggi considerata una delle Royal Oak neo-vintage pi\u00f9 raffinate e sottovalutate, particolarmente apprezzata dai collezionisti per il suo equilibrio tra heritage e portabilit\u00e0 moderna.<\/p>\n<p>This model of <strong>Audemars Piguet Royal Oak <\/strong>\u00a0reference <strong>15002ST<\/strong> boasts the following features:<\/p>\n<p>&nbsp;<\/p>\n<p>Stainless steel case and bracelet<\/p>\n<p>Quadrante Blu Scuro con Grafiche argento<\/p>\n<p>Full Set<\/p>\n<p>&nbsp;<\/p>\n<div class=\"elementor-element elementor-element-6dbd49d e-con-boxed e-flex e-con\" data-id=\"6dbd49d\" data-element_type=\"container\" data-settings=\"{&quot;background_background&quot;:&quot;classic&quot;,&quot;content_width&quot;:&quot;boxed&quot;}\">\n<div class=\"e-con-inner\">\n<div class=\"elementor-element elementor-element-f94f40f elementor-widget elementor-widget-woocommerce-product-content\" data-id=\"f94f40f\" data-element_type=\"widget\" data-widget_type=\"woocommerce-product-content.default\">\n<div class=\"elementor-widget-container\">\n<p>This model of <strong>Audemars Piguet Royal Oak <\/strong>\u00a0reference <strong>15002ST <\/strong>\u00e8 disponibile presso la nostra boutique<strong> di Milano.<\/strong><\/p>\n<\/div>\n<\/div>\n<\/div>\n<\/div>\n<div class=\"elementor-element elementor-element-12a1352 e-con-boxed e-flex e-con\" data-id=\"12a1352\" data-element_type=\"container\" data-settings=\"{&quot;content_width&quot;:&quot;boxed&quot;}\">\n<div class=\"e-con-inner\">\n<div class=\"elementor-element elementor-element-ded03bf elementor-widget elementor-widget-html\" data-id=\"ded03bf\" data-element_type=\"widget\" data-widget_type=\"html.default\">\n<div class=\"elementor-widget-container\"><\/div>\n<\/div>\n<div id=\"alt-products\" class=\"elementor-element elementor-element-c0ba6f5 elementor-grid-4 elementor-grid-tablet-3 elementor-grid-mobile-2 elementor-products-grid elementor-wc-products elementor-widget elementor-widget-woocommerce-product-related\" data-id=\"c0ba6f5\" data-element_type=\"widget\" data-widget_type=\"woocommerce-product-related.default\">\n<div class=\"elementor-widget-container\">\n<section class=\"related products\">\n<div class=\"elementor-element elementor-element-6dbd49d e-con-boxed e-flex e-con\" data-id=\"6dbd49d\" data-element_type=\"container\" data-settings=\"{&quot;background_background&quot;:&quot;classic&quot;,&quot;content_width&quot;:&quot;boxed&quot;}\">\n<div class=\"e-con-inner\">\n<div class=\"elementor-element elementor-element-f94f40f elementor-widget elementor-widget-woocommerce-product-content\" data-id=\"f94f40f\" data-element_type=\"widget\" data-widget_type=\"woocommerce-product-content.default\">\n<div class=\"elementor-widget-container\">\n<div class=\"elementor-element elementor-element-6dbd49d e-con-boxed e-flex e-con\" data-id=\"6dbd49d\" data-element_type=\"container\" data-settings=\"{&quot;background_background&quot;:&quot;classic&quot;,&quot;content_width&quot;:&quot;boxed&quot;}\">\n<div class=\"e-con-inner\">\n<div class=\"elementor-element elementor-element-f94f40f elementor-widget elementor-widget-woocommerce-product-content\" data-id=\"f94f40f\" data-element_type=\"widget\" data-widget_type=\"woocommerce-product-content.default\">\n<div class=\"elementor-widget-container\">\n<p>&nbsp;<\/p>\n<\/div>\n<\/div>\n<\/div>\n<\/div>\n<div class=\"elementor-element elementor-element-6dbd49d e-con-boxed e-flex e-con\" data-id=\"6dbd49d\" data-element_type=\"container\" data-settings=\"{&quot;background_background&quot;:&quot;classic&quot;,&quot;content_width&quot;:&quot;boxed&quot;}\"><\/div>\n<\/div>\n<\/div>\n<\/div>\n<\/div>\n<\/section>\n<\/div>\n<\/div>\n<\/div>\n<\/div>\n<p>&nbsp;<\/p>","protected":false},"excerpt":{"rendered":"<p><strong>AP104<\/strong><\/p>","protected":false},"featured_media":11773,"template":"","meta":{"_acf_changed":false,"_uf_show_specific_survey":0,"_uf_disable_surveys":false},"product_brand":[],"product_cat":[28,182],"product_tag":[],"class_list":{"0":"post-11772","1":"product","2":"type-product","3":"status-publish","4":"has-post-thumbnail","6":"product_cat-orologi","7":"product_cat-shop","8":"pa_case-material-stainless-steel","9":"pa_case-size-39-mm","10":"pa_glass-crystal-sapphire","11":"pa_model-royal-oak","12":"pa_movement-mechanical-authomatic","13":"pa_reference-15002st","14":"pa_set-full-set","15":"pa_strap-bracelet-material-ap-stainless-steel-integrated-with-deployment-buckle","17":"first","18":"instock","19":"purchasable","20":"product-type-simple"},"acf":[],"aioseo_notices":[],"_links":{"self":[{"href":"https:\/\/www.maurideangelis.com\/en\/wp-json\/wp\/v2\/product\/11772","targetHints":{"allow":["GET"]}}],"collection":[{"href":"https:\/\/www.maurideangelis.com\/en\/wp-json\/wp\/v2\/product"}],"about":[{"href":"https:\/\/www.maurideangelis.com\/en\/wp-json\/wp\/v2\/types\/product"}],"wp:featuredmedia":[{"embeddable":true,"href":"https:\/\/www.maurideangelis.com\/en\/wp-json\/wp\/v2\/media\/11773"}],"wp:attachment":[{"href":"https:\/\/www.maurideangelis.com\/en\/wp-json\/wp\/v2\/media?parent=11772"}],"wp:term":[{"taxonomy":"product_brand","embeddable":true,"href":"https:\/\/www.maurideangelis.com\/en\/wp-json\/wp\/v2\/product_brand?post=11772"},{"taxonomy":"product_cat","embeddable":true,"href":"https:\/\/www.maurideangelis.com\/en\/wp-json\/wp\/v2\/product_cat?post=11772"},{"taxonomy":"product_tag","embeddable":true,"href":"https:\/\/www.maurideangelis.com\/en\/wp-json\/wp\/v2\/product_tag?post=11772"}],"curies":[{"name":"wp","href":"https:\/\/api.w.org\/{rel}","templated":true}]}}