{"id":11497,"date":"2026-01-27T18:43:35","date_gmt":"2026-01-27T17:43:35","guid":{"rendered":"https:\/\/www.maurideangelis.com\/?post_type=product&#038;p=11497"},"modified":"2026-03-17T17:20:50","modified_gmt":"2026-03-17T16:20:50","slug":"patek-philippe-complications-5231g-001-grand-feu-cloisonne-18k-white-gold-full-set-new","status":"publish","type":"product","link":"https:\/\/www.maurideangelis.com\/en\/product\/patek-philippe-complications-5231g-001-grand-feu-cloisonne-18k-white-gold-full-set-new\/","title":{"rendered":"Patek Philippe Complications 5231G-001 Grand Feu Cloisonn\u00e9 &#8211; 18K White Gold &#8211; Full Set &#8211; New"},"content":{"rendered":"<p><strong>Patek Philippe Complications 5231G-001 Grand Feu Cloisonn\u00e9 &#8211; 18K White Gold &#8211; Full Set &#8211; New<\/strong><\/p>\n<p>&nbsp;<\/p>\n<p data-start=\"89\" data-end=\"435\">Il modello \u201cOre del Mondo\u201d \u00e8 strettamente legato a Patek Philippe ed \u00e8 una delle complicazioni pi\u00f9 iconiche della maison. Ispirato all\u2019elegante soluzione ideata dal celebre orologiaio Louis Cottier (1894-1966), Patek Philippe lanci\u00f2 nel 1939 la referenza 1415, il loro primo orologio da polso con ora mondiale (Heures Universelles).<\/p>\n<p data-start=\"437\" data-end=\"735\">A partire dal 1965, la complicazione scomparve dall\u2019offerta della maison per oltre trentacinque anni e fu solo nel 2000 che Patek Philippe decise di farle rivivere, riportando sul mercato la tanto amata funzione World Time e offrendo ai collezionisti una nuova gamma di raffinati orologi da polso.<\/p>\n<p data-start=\"737\" data-end=\"1226\">La referenza 5110, introdotta nello stesso anno, segn\u00f2 il ritorno dell\u2019ora mondiale in produzione seriale, e fu anche la prima dopo la leggendaria ref. 2523 ad introdurre alcune importanti innovazioni: al posto della seconda corona, fu adottato un pratico pulsante a ore 10 per impostare la citt\u00e0 locale, e il movimento pass\u00f2 da carica manuale a carica automatica con micro-rotore, rendendo l\u2019orologio pi\u00f9 funzionale e moderno senza perdere il suo fascino classico.<\/p>\n<p>Il presente esemplare della iconica referenza vanta l&#8217;ambito quadrante Grand Feu Cloisonn\u00e9, dove arte e maestria dei sapienti artigiani si fondono in un vero e proprio planisfero sul polso.<\/p>\n<p>&nbsp;<\/p>\n<p>&nbsp;<\/p>\n<p>This rare <strong>P<\/strong><strong style=\"font-family: -apple-system, BlinkMacSystemFont, 'Segoe UI', Roboto, 'Helvetica Neue', Arial, 'Noto Sans', sans-serif, 'Apple Color Emoji', 'Segoe UI Emoji', 'Segoe UI Symbol', 'Noto Color Emoji';\">atek Philippe <\/strong><span style=\"font-family: -apple-system, BlinkMacSystemFont, 'Segoe UI', Roboto, 'Helvetica Neue', Arial, 'Noto Sans', sans-serif, 'Apple Color Emoji', 'Segoe UI Emoji', 'Segoe UI Symbol', 'Noto Color Emoji';\">reference <\/span><strong style=\"font-family: -apple-system, BlinkMacSystemFont, 'Segoe UI', Roboto, 'Helvetica Neue', Arial, 'Noto Sans', sans-serif, 'Apple Color Emoji', 'Segoe UI Emoji', 'Segoe UI Symbol', 'Noto Color Emoji';\" data-v-3f3a395d=\"\">5231G-001 <\/strong><span style=\"font-family: -apple-system, BlinkMacSystemFont, 'Segoe UI', Roboto, 'Helvetica Neue', Arial, 'Noto Sans', sans-serif, 'Apple Color Emoji', 'Segoe UI Emoji', 'Segoe UI Symbol', 'Noto Color Emoji';\">with enamel dial boasts the following features:<\/span><\/p>\n<p>&nbsp;<\/p>\n<p>Case and Deployment in 18K White Gold<\/p>\n<p>Quadrante smaltato &#8220;Cloisonn\u00e9&#8221;<\/p>\n<p>New, never worn<\/p>\n<p>Full Set with Italian Warranty<\/p>\n<p>&nbsp;<\/p>\n<p>&nbsp;<\/p>\n<div class=\"elementor-element elementor-element-6dbd49d e-flex e-con-boxed e-con e-parent e-lazyloaded\" data-id=\"6dbd49d\" data-element_type=\"container\" data-settings=\"{&quot;background_background&quot;:&quot;classic&quot;}\">\n<div class=\"e-con-inner\">\n<div class=\"elementor-element elementor-element-f94f40f elementor-widget elementor-widget-woocommerce-product-content\" data-id=\"f94f40f\" data-element_type=\"widget\" data-widget_type=\"woocommerce-product-content.default\">\n<div class=\"elementor-widget-container\">\n<p>&nbsp;<\/p>\n<\/div>\n<\/div>\n<\/div>\n<\/div>\n<div class=\"elementor-element elementor-element-12a1352 e-flex e-con-boxed e-con e-parent e-lazyloaded\" data-id=\"12a1352\" data-element_type=\"container\">\n<div class=\"e-con-inner\">\n<div class=\"elementor-element elementor-element-ded03bf elementor-widget elementor-widget-html\" data-id=\"ded03bf\" data-element_type=\"widget\" data-widget_type=\"html.default\">\n<div class=\"elementor-widget-container\"><\/div>\n<\/div>\n<\/div>\n<\/div>\n<p>&nbsp;<\/p>\n<p>&nbsp;<\/p>\n<p>&nbsp;<\/p>\n<p>&nbsp;<\/p>\n<p>&nbsp;<\/p>","protected":false},"excerpt":{"rendered":"<p><strong>PP265<\/strong><\/p>","protected":false},"featured_media":11498,"template":"","meta":{"_acf_changed":false,"_uf_show_specific_survey":0,"_uf_disable_surveys":false},"product_brand":[],"product_cat":[27],"product_tag":[],"class_list":{"0":"post-11497","1":"product","2":"type-product","3":"status-publish","4":"has-post-thumbnail","6":"product_cat-archivio-storico","7":"pa_case-material-18k-white-gold","8":"pa_case-size-38-5mm","9":"pa_glass-crystal-sapphire","10":"pa_model-world-time","11":"pa_movement-mechanical-automatic","12":"pa_reference-5231g","13":"pa_set-full-set-with-italian-warranty","14":"pa_strap-bracelet-material-blue-alligator-strap-with-18k-white-gold-deployment","15":"pa_year-2-504","17":"first","18":"outofstock","19":"product-type-simple"},"acf":[],"aioseo_notices":[],"_links":{"self":[{"href":"https:\/\/www.maurideangelis.com\/en\/wp-json\/wp\/v2\/product\/11497","targetHints":{"allow":["GET"]}}],"collection":[{"href":"https:\/\/www.maurideangelis.com\/en\/wp-json\/wp\/v2\/product"}],"about":[{"href":"https:\/\/www.maurideangelis.com\/en\/wp-json\/wp\/v2\/types\/product"}],"wp:featuredmedia":[{"embeddable":true,"href":"https:\/\/www.maurideangelis.com\/en\/wp-json\/wp\/v2\/media\/11498"}],"wp:attachment":[{"href":"https:\/\/www.maurideangelis.com\/en\/wp-json\/wp\/v2\/media?parent=11497"}],"wp:term":[{"taxonomy":"product_brand","embeddable":true,"href":"https:\/\/www.maurideangelis.com\/en\/wp-json\/wp\/v2\/product_brand?post=11497"},{"taxonomy":"product_cat","embeddable":true,"href":"https:\/\/www.maurideangelis.com\/en\/wp-json\/wp\/v2\/product_cat?post=11497"},{"taxonomy":"product_tag","embeddable":true,"href":"https:\/\/www.maurideangelis.com\/en\/wp-json\/wp\/v2\/product_tag?post=11497"}],"curies":[{"name":"wp","href":"https:\/\/api.w.org\/{rel}","templated":true}]}}