{"id":11345,"date":"2025-12-09T04:50:35","date_gmt":"2025-12-09T03:50:35","guid":{"rendered":"https:\/\/www.maurideangelis.com\/?post_type=product&#038;p=11345"},"modified":"2025-12-18T10:39:46","modified_gmt":"2025-12-18T09:39:46","slug":"rolex-submariner-james-bond-5508-tropical-brown-gilt-dial-red-triangle-bezel-expertise-2","status":"publish","type":"product","link":"https:\/\/www.maurideangelis.com\/en\/product\/rolex-submariner-james-bond-5508-tropical-brown-gilt-dial-red-triangle-bezel-expertise-2\/","title":{"rendered":"Rolex Submariner \u201cJames Bond\u201d 5508 \u2013 Tropical Brown Gilt Dial \u2013 \u201cRed Triangle\u201d Bezel \u2013 Expertise"},"content":{"rendered":"<p><strong><span class=\"headline title\" data-v-3af08b80=\"\">Rolex Submariner \u201cJames Bond\u201d 5508 \u2013 Tropical Brown Gilt Dial \u2013 \u201cRed Triangle\u201d Bezel \u2013 Expertise<\/span><\/strong><\/p>\n<div id=\"wt-dealer-offer\" class=\"dealer-offer-listing\">\n<div class=\"col-sm-24 col-lg-18 p-x-0\">\n<div class=\"ct-encoded-form-wrapper\"><div class=\"ct-encoded-form-loader\"><\/div><div class=\"ct-encoded-form\" data-encoded-form=\"PGZvcm0gY2xhc3M9ImpzLWRlYWxlci1vZmZlci1mb3JtIGZvcm0taG9yaXpvbnRhbCIgYWN0aW9uPSJodHRwczovL3d3dy5jaHJvbm8yNC5pdC9kZWFsZXItYXJlYS9vZmZlci9tb2RpZnktb2ZmZXIuaHRtP19fYXQ9MTcwMzc3NTY5NC5FT3RLOTA4SGRQYkRYMUlJcTFrVVlYMC1nZmJKLW1sanFNR2VHTEZTSEJjLkFYRzFWZGpzcXVyTGpIcUxkZ2gyVk9jMjNwcloiIG1ldGhvZD0icG9zdCIgbm92YWxpZGF0ZT0ibm92YWxpZGF0ZSI+CjxkaXYgY2xhc3M9ImQtbm9uZSBkLXNtLWJsb2NrIHN0aWNreS1zYXZlLWJhci1oZWxwZXIiPjwvZGl2Pgo8L2Zvcm0+\"><\/div><\/div>\n<\/div>\n<\/div>\n<p>Il Rolex Submariner \u00e8 considerato un&#8217;icona il cui design \u00e8 tra i pi\u00f9 riconoscibili nel campo degli orologi subacquei. Le forme e le curve di questo modello sono diventate un punto di riferimento a cui tutti gli orologi moderni si ispirano.<\/p>\n<p>La referenza 5508 rappresenta una delle espressioni pi\u00f9 pure dell\u2019era pre-crown guard, distinguendosi per la cassa da 37 mm, la lunetta sottile e il calibro automatico 1530, che ne definiscono l\u2019estetica essenziale e l\u2019elevata affidabilit\u00e0 meccanica. Introdotta alla fine degli anni \u201950, incarna la transizione tecnica della linea Submariner verso standard professionali pi\u00f9 rigorosi, mantenendo al contempo un profilo sorprendentemente elegante. L\u2019assenza delle protezioni della corona e il quadrante gilt conferiscono al modello un carattere iconico, ricercato da collezionisti per la sua purezza progettuale.<\/p>\n<p>Il presente esemplare, preservato in condizioni eccellenti, vanta il quadrante Gilt con un viraggio perfettamente omogeneo e la mitica ghiera con Triangolo Rosso, estremamente apprezzata a livello collezionistico data la sua rarit\u00e0.<\/p>\n<p>&nbsp;<\/p>\n<p><span style=\"font-family: -apple-system, BlinkMacSystemFont, 'Segoe UI', Roboto, 'Helvetica Neue', Arial, 'Noto Sans', sans-serif, 'Apple Color Emoji', 'Segoe UI Emoji', 'Segoe UI Symbol', 'Noto Color Emoji';\">This second wrist model <\/span><strong style=\"font-family: -apple-system, BlinkMacSystemFont, 'Segoe UI', Roboto, 'Helvetica Neue', Arial, 'Noto Sans', sans-serif, 'Apple Color Emoji', 'Segoe UI Emoji', 'Segoe UI Symbol', 'Noto Color Emoji';\">Rolex Submariner<\/strong><span style=\"font-family: -apple-system, BlinkMacSystemFont, 'Segoe UI', Roboto, 'Helvetica Neue', Arial, 'Noto Sans', sans-serif, 'Apple Color Emoji', 'Segoe UI Emoji', 'Segoe UI Symbol', 'Noto Color Emoji';\"> reference <\/span><strong style=\"font-family: -apple-system, BlinkMacSystemFont, 'Segoe UI', Roboto, 'Helvetica Neue', Arial, 'Noto Sans', sans-serif, 'Apple Color Emoji', 'Segoe UI Emoji', 'Segoe UI Symbol', 'Noto Color Emoji';\">5508<\/strong><span style=\"font-family: -apple-system, BlinkMacSystemFont, 'Segoe UI', Roboto, 'Helvetica Neue', Arial, 'Noto Sans', sans-serif, 'Apple Color Emoji', 'Segoe UI Emoji', 'Segoe UI Symbol', 'Noto Color Emoji';\"> meets the following characteristics:<\/span><\/p>\n<p>&nbsp;<\/p>\n<p>Stainless steel case and riveted bracelet<\/p>\n<p>\u201cFaded Blue\u201d bezel insert with \u201cRed Triangle\u201d<\/p>\n<p>Tropical \u201cGilt\u201d Dial<\/p>\n<p>Expertise by Carlo Pergola<\/p>\n<p>&nbsp;<\/p>\n<div class=\"elementor-element elementor-element-6dbd49d e-con-boxed e-flex e-con\" data-id=\"6dbd49d\" data-element_type=\"container\" data-settings=\"{&quot;background_background&quot;:&quot;classic&quot;,&quot;content_width&quot;:&quot;boxed&quot;}\">\n<div class=\"e-con-inner\">\n<div class=\"elementor-element elementor-element-f94f40f elementor-widget elementor-widget-woocommerce-product-content\" data-id=\"f94f40f\" data-element_type=\"widget\" data-widget_type=\"woocommerce-product-content.default\">\n<div class=\"elementor-widget-container\">\n<div class=\"elementor-element elementor-element-6dbd49d e-flex e-con-boxed e-con e-parent e-lazyloaded\" data-id=\"6dbd49d\" data-element_type=\"container\" data-settings=\"{&quot;background_background&quot;:&quot;classic&quot;}\">\n<div class=\"e-con-inner\">\n<div class=\"elementor-element elementor-element-f94f40f elementor-widget elementor-widget-woocommerce-product-content\" data-id=\"f94f40f\" data-element_type=\"widget\" data-widget_type=\"woocommerce-product-content.default\">\n<div class=\"elementor-widget-container\">\n<p>&nbsp;<\/p>\n<\/div>\n<\/div>\n<\/div>\n<\/div>\n<\/div>\n<\/div>\n<\/div>\n<\/div>\n<div class=\"elementor-element elementor-element-12a1352 e-con-boxed e-flex e-con\" data-id=\"12a1352\" data-element_type=\"container\" data-settings=\"{&quot;content_width&quot;:&quot;boxed&quot;}\">\n<div class=\"e-con-inner\">\n<div class=\"elementor-element elementor-element-ded03bf elementor-widget elementor-widget-html\" data-id=\"ded03bf\" data-element_type=\"widget\" data-widget_type=\"html.default\">\n<div class=\"elementor-widget-container\"><\/div>\n<\/div>\n<div id=\"alt-products\" class=\"elementor-element elementor-element-c0ba6f5 elementor-grid-4 elementor-grid-tablet-3 elementor-grid-mobile-2 elementor-products-grid elementor-wc-products elementor-widget elementor-widget-woocommerce-product-related\" data-id=\"c0ba6f5\" data-element_type=\"widget\" data-widget_type=\"woocommerce-product-related.default\">\n<div class=\"elementor-widget-container\">\n<section class=\"related products\">\u00a0<\/section>\n<\/div>\n<\/div>\n<\/div>\n<\/div>\n<p>&nbsp;<\/p>\n<p>&nbsp;<\/p>","protected":false},"excerpt":{"rendered":"<p><strong>RX645<\/strong><\/p>","protected":false},"featured_media":11346,"template":"","meta":{"_acf_changed":false,"_uf_show_specific_survey":0,"_uf_disable_surveys":false},"product_brand":[],"product_cat":[27],"product_tag":[],"class_list":{"0":"post-11345","1":"product","2":"type-product","3":"status-publish","4":"has-post-thumbnail","6":"product_cat-archivio-storico","7":"pa_case-material-stainless-steel","8":"pa_case-size-37-mm","9":"pa_glass-plexiglass","10":"pa_model-submariner","11":"pa_movement-mechanical-automatic-with-butterfly-rotor","12":"pa_reference-5508-james-bond","13":"pa_strap-bracelet-material-stainless-steel-oyster-riveted-bracelet-with-deployment-clasp","15":"first","16":"outofstock","17":"product-type-simple"},"acf":[],"aioseo_notices":[],"_links":{"self":[{"href":"https:\/\/www.maurideangelis.com\/en\/wp-json\/wp\/v2\/product\/11345","targetHints":{"allow":["GET"]}}],"collection":[{"href":"https:\/\/www.maurideangelis.com\/en\/wp-json\/wp\/v2\/product"}],"about":[{"href":"https:\/\/www.maurideangelis.com\/en\/wp-json\/wp\/v2\/types\/product"}],"wp:featuredmedia":[{"embeddable":true,"href":"https:\/\/www.maurideangelis.com\/en\/wp-json\/wp\/v2\/media\/11346"}],"wp:attachment":[{"href":"https:\/\/www.maurideangelis.com\/en\/wp-json\/wp\/v2\/media?parent=11345"}],"wp:term":[{"taxonomy":"product_brand","embeddable":true,"href":"https:\/\/www.maurideangelis.com\/en\/wp-json\/wp\/v2\/product_brand?post=11345"},{"taxonomy":"product_cat","embeddable":true,"href":"https:\/\/www.maurideangelis.com\/en\/wp-json\/wp\/v2\/product_cat?post=11345"},{"taxonomy":"product_tag","embeddable":true,"href":"https:\/\/www.maurideangelis.com\/en\/wp-json\/wp\/v2\/product_tag?post=11345"}],"curies":[{"name":"wp","href":"https:\/\/api.w.org\/{rel}","templated":true}]}}