{"id":11073,"date":"2025-09-17T18:18:12","date_gmt":"2025-09-17T16:18:12","guid":{"rendered":"https:\/\/www.maurideangelis.com\/?post_type=product&#038;p=11073"},"modified":"2025-11-14T16:35:53","modified_gmt":"2025-11-14T15:35:53","slug":"breguet-classique-chronometrie-7727-18k-rose-gold-new-with-sticker","status":"publish","type":"product","link":"https:\/\/www.maurideangelis.com\/en\/product\/breguet-classique-chronometrie-7727-18k-rose-gold-new-with-sticker\/","title":{"rendered":"Breguet Classique Chronom\u00e9trie 7727 &#8211; 18K Rose Gold &#8211; New with Sticker"},"content":{"rendered":"<p><strong><span class=\"text-nowrap text-ellipsis\" data-v-1fb2ffc4=\"\">Breguet Classique Chronom\u00e9trie 7727 &#8211; 18K Rose Gold &#8211; New with Sticker<\/span><\/strong><\/p>\n<p>&nbsp;<\/p>\n<p data-start=\"1039\" data-end=\"1209\">Il Breguet <span class=\"text-nowrap text-ellipsis\" data-v-1fb2ffc4=\"\">Classique Chronom\u00e9trie referenza<\/span> 7727 \u00e8 uno di quei rari orologi che segnano un punto di svolta nell\u2019alta orologeria contemporanea. Esteticamente fedele al linguaggio classico della Maison, questo modello cela una tecnologia all&#8217;avanguardia che sfida i limiti tradizionali della cronometria meccanica. La vera anima del ref. 7727 \u00e8 il calibro <strong>574DR<\/strong>, un movimento manuale dotato di una frequenza straordinaria di<strong> 10 Hz <\/strong>(ovvero 72.000 alternanze\/ora), il doppio rispetto agli standard dell\u2019orologeria meccanica tradizionale.<\/p>\n<p data-start=\"960\" data-end=\"1265\">A rendere possibile questa velocit\u00e0 e stabilit\u00e0 \u00e8 l\u2019uso estensivo del silicio in componenti strategici come il bilanciere, la spirale e lo scappamento. Il silicio \u00e8 amagnetico, leggerissimo, indeformabile e non richiede lubrificazione, il che migliora sia la precisione che la longevit\u00e0 del movimento<strong>.<\/strong><\/p>\n<p>&nbsp;<\/p>\n<p>&nbsp;<\/p>\n<p>The present\u00a0<strong>Breguet Classique <span class=\"text-nowrap text-ellipsis\" data-v-1fb2ffc4=\"\">Chronom\u00e9trie<\/span> <\/strong>reference <strong>7727 <\/strong>boasts the following features:<\/p>\n<p>&nbsp;<\/p>\n<p>Cassa ed Ardiglione in Oro Rosa 18K<\/p>\n<p>Quadrante Argent\u00e8 con lavorazione <em>Guilloche\u00a0<\/em><\/p>\n<p>Nuovo, mai indossato con pellicole<\/p>\n<p>&nbsp;<\/p>\n<p>&nbsp;<\/p>\n<p>This splendid and rare example of <strong>Breguet Classique <span class=\"text-nowrap text-ellipsis\" data-v-1fb2ffc4=\"\">Chronom\u00e9trie<\/span> <\/strong>reference <strong>7727<\/strong><strong>\u00a0<\/strong>it is available at our DEANGELIS Boutique in Milan.<\/p>\n<p>&nbsp;<\/p>\n<div class=\"elementor-element elementor-element-6dbd49d e-con-boxed e-flex e-con\" data-id=\"6dbd49d\" data-element_type=\"container\" data-settings=\"{&quot;background_background&quot;:&quot;classic&quot;,&quot;content_width&quot;:&quot;boxed&quot;}\">\n<div class=\"e-con-inner\">\n<div class=\"elementor-element elementor-element-f94f40f elementor-widget elementor-widget-woocommerce-product-content\" data-id=\"f94f40f\" data-element_type=\"widget\" data-widget_type=\"woocommerce-product-content.default\">\n<div class=\"elementor-widget-container\">\n<div class=\"elementor-element elementor-element-6dbd49d e-con-boxed e-flex e-con\" data-id=\"6dbd49d\" data-element_type=\"container\" data-settings=\"{&quot;background_background&quot;:&quot;classic&quot;,&quot;content_width&quot;:&quot;boxed&quot;}\">\n<div class=\"e-con-inner\">\n<div class=\"elementor-element elementor-element-f94f40f elementor-widget elementor-widget-woocommerce-product-content\" data-id=\"f94f40f\" data-element_type=\"widget\" data-widget_type=\"woocommerce-product-content.default\">\n<div class=\"elementor-widget-container\">\n<div class=\"elementor-element elementor-element-6dbd49d e-con-boxed e-flex e-con\" data-id=\"6dbd49d\" data-element_type=\"container\" data-settings=\"{&quot;background_background&quot;:&quot;classic&quot;,&quot;content_width&quot;:&quot;boxed&quot;}\">\n<div class=\"e-con-inner\">\n<div class=\"elementor-element elementor-element-f94f40f elementor-widget elementor-widget-woocommerce-product-content\" data-id=\"f94f40f\" data-element_type=\"widget\" data-widget_type=\"woocommerce-product-content.default\">\n<div class=\"elementor-widget-container\">\n<p>&nbsp;<\/p>\n<\/div>\n<\/div>\n<\/div>\n<\/div>\n<\/div>\n<\/div>\n<\/div>\n<\/div>\n<\/div>\n<\/div>\n<\/div>\n<\/div>\n<div class=\"elementor-element elementor-element-12a1352 e-con-boxed e-flex e-con\" data-id=\"12a1352\" data-element_type=\"container\" data-settings=\"{&quot;content_width&quot;:&quot;boxed&quot;}\">\n<div class=\"e-con-inner\">\n<div class=\"elementor-element elementor-element-ded03bf elementor-widget elementor-widget-html\" data-id=\"ded03bf\" data-element_type=\"widget\" data-widget_type=\"html.default\">\n<div class=\"elementor-widget-container\"><\/div>\n<\/div>\n<\/div>\n<\/div>","protected":false},"excerpt":{"rendered":"<p><strong>BRE004<\/strong><\/p>","protected":false},"featured_media":11074,"template":"","meta":{"_acf_changed":false,"_uf_show_specific_survey":0,"_uf_disable_surveys":false},"product_brand":[],"product_cat":[28,182],"product_tag":[],"class_list":{"0":"post-11073","1":"product","2":"type-product","3":"status-publish","4":"has-post-thumbnail","6":"product_cat-orologi","7":"product_cat-shop","8":"pa_case-material-18k-rose-gold","9":"pa_case-size-41-mm","10":"pa_dial-argente-guilloche-dial","11":"pa_glass-crystal-sapphire","12":"pa_model-classique-chronometrie","13":"pa_movement-mechanical-automatic","14":"pa_reference-1296","15":"pa_strap-bracelet-material-brown-alligator-straps-with-18k-rose-gold-buckle","17":"first","18":"instock","19":"purchasable","20":"product-type-simple"},"acf":[],"aioseo_notices":[],"_links":{"self":[{"href":"https:\/\/www.maurideangelis.com\/en\/wp-json\/wp\/v2\/product\/11073","targetHints":{"allow":["GET"]}}],"collection":[{"href":"https:\/\/www.maurideangelis.com\/en\/wp-json\/wp\/v2\/product"}],"about":[{"href":"https:\/\/www.maurideangelis.com\/en\/wp-json\/wp\/v2\/types\/product"}],"wp:featuredmedia":[{"embeddable":true,"href":"https:\/\/www.maurideangelis.com\/en\/wp-json\/wp\/v2\/media\/11074"}],"wp:attachment":[{"href":"https:\/\/www.maurideangelis.com\/en\/wp-json\/wp\/v2\/media?parent=11073"}],"wp:term":[{"taxonomy":"product_brand","embeddable":true,"href":"https:\/\/www.maurideangelis.com\/en\/wp-json\/wp\/v2\/product_brand?post=11073"},{"taxonomy":"product_cat","embeddable":true,"href":"https:\/\/www.maurideangelis.com\/en\/wp-json\/wp\/v2\/product_cat?post=11073"},{"taxonomy":"product_tag","embeddable":true,"href":"https:\/\/www.maurideangelis.com\/en\/wp-json\/wp\/v2\/product_tag?post=11073"}],"curies":[{"name":"wp","href":"https:\/\/api.w.org\/{rel}","templated":true}]}}