{"id":10975,"date":"2025-08-14T17:43:05","date_gmt":"2025-08-14T15:43:05","guid":{"rendered":"https:\/\/www.maurideangelis.com\/?post_type=product&#038;p=10975"},"modified":"2025-10-15T10:52:36","modified_gmt":"2025-10-15T08:52:36","slug":"rolex-datejust-4467-18k-rose-gold-riveted-bracelet-chronometer-white-dial-mint-condition","status":"publish","type":"product","link":"https:\/\/www.maurideangelis.com\/en\/product\/rolex-datejust-4467-18k-rose-gold-riveted-bracelet-chronometer-white-dial-mint-condition\/","title":{"rendered":"Rolex Datejust 4467 &#8211; 18K Rose Gold &#8211; Riveted Bracelet &#8211; Chronometer White Dial &#8211; Mint Condition"},"content":{"rendered":"<p><strong><span class=\"text-nowrap text-ellipsis\" data-v-2db5289e=\"\">Rolex Datejust 4467 &#8211; 18K Rose Gold &#8211; Riveted Bracelet &#8211; Chronometer White Dial &#8211; Mint Condition<\/span><\/strong><\/p>\n<p>&nbsp;<\/p>\n<p>Presented in 1945 to celebrate the jubilee of Wilsdorf &amp; Davis, the progenitor company of the crowned house, the reference 4467 will go down in history with the name Datejust, inheriting the shape from the classic \u201cegg\u201d with the addition of the date display at 3 o&#039;clock.<br \/>\nWith an extremely limited production run from 1945 to 1949, the Rose Gold configuration is the rarest and most collectible to date.<\/p>\n<p>Il presente esemplare, databile 1946, con il distintivo quadrante &#8220;Chronom\u00e8ter Only&#8221; con una leggera patina uniforme che dona un tocco ancora pi\u00f9 unico al presente esemplare, \u00e8 stato preservato in condizioni &#8220;Mint&#8221; ed \u00e8 corredato del suo bracciale rivettato originale Rolex in Oro Rosa 18K.<\/p>\n<p>&nbsp;<\/p>\n<p>This rare and collectible watch <strong>Rolex<\/strong> <strong>Datejust<\/strong> reference <b>4467 <\/b>boasts the following features:<\/p>\n<p>&nbsp;<\/p>\n<p>Cassa e bracciale rivettato in Oro Rosa 18K<\/p>\n<p>\u201cChronom\u00e8ter Only\u201d dial<\/p>\n<p>Preservato in condizioni di &#8220;Mint&#8221;<\/p>\n<p>&nbsp;<\/p>\n<div class=\"elementor-element elementor-element-6dbd49d e-con-boxed e-flex e-con\" data-id=\"6dbd49d\" data-element_type=\"container\" data-settings=\"{&quot;background_background&quot;:&quot;classic&quot;,&quot;content_width&quot;:&quot;boxed&quot;}\">\n<div class=\"e-con-inner\">\n<div class=\"elementor-element elementor-element-f94f40f elementor-widget elementor-widget-woocommerce-product-content\" data-id=\"f94f40f\" data-element_type=\"widget\" data-widget_type=\"woocommerce-product-content.default\">\n<div class=\"elementor-widget-container\">\n<div class=\"elementor-element elementor-element-6dbd49d e-con-boxed e-flex e-con\" data-id=\"6dbd49d\" data-element_type=\"container\" data-settings=\"{&quot;background_background&quot;:&quot;classic&quot;,&quot;content_width&quot;:&quot;boxed&quot;}\">\n<div class=\"e-con-inner\">\n<div class=\"elementor-element elementor-element-f94f40f elementor-widget elementor-widget-woocommerce-product-content\" data-id=\"f94f40f\" data-element_type=\"widget\" data-widget_type=\"woocommerce-product-content.default\">\n<div class=\"elementor-widget-container\">\n<p>&nbsp;<\/p>\n<\/div>\n<\/div>\n<\/div>\n<\/div>\n<div class=\"elementor-element elementor-element-12a1352 e-con-boxed e-flex e-con\" data-id=\"12a1352\" data-element_type=\"container\" data-settings=\"{&quot;content_width&quot;:&quot;boxed&quot;}\"><\/div>\n<\/div>\n<\/div>\n<\/div>\n<\/div>\n<p>&nbsp;<\/p>\n<p>&nbsp;<\/p>","protected":false},"excerpt":{"rendered":"<p><strong>RX707<\/strong><\/p>","protected":false},"featured_media":10982,"template":"","meta":{"_acf_changed":false,"_uf_show_specific_survey":0,"_uf_disable_surveys":false},"product_brand":[],"product_cat":[23],"product_tag":[],"class_list":{"0":"post-10975","1":"product","2":"type-product","3":"status-publish","4":"has-post-thumbnail","6":"product_cat-bozza","7":"pa_case-material-18k-rose-gold","8":"pa_case-size-36-mm","9":"pa_glass-plexiglas","10":"pa_model-datejust","11":"pa_movement-mechanical-automatic","12":"pa_reference-56","13":"pa_strap-bracelet-material-rare-18k-rose-gold-riveted-bracelet","15":"first","16":"outofstock","17":"product-type-simple"},"acf":[],"aioseo_notices":[],"_links":{"self":[{"href":"https:\/\/www.maurideangelis.com\/en\/wp-json\/wp\/v2\/product\/10975","targetHints":{"allow":["GET"]}}],"collection":[{"href":"https:\/\/www.maurideangelis.com\/en\/wp-json\/wp\/v2\/product"}],"about":[{"href":"https:\/\/www.maurideangelis.com\/en\/wp-json\/wp\/v2\/types\/product"}],"wp:featuredmedia":[{"embeddable":true,"href":"https:\/\/www.maurideangelis.com\/en\/wp-json\/wp\/v2\/media\/10982"}],"wp:attachment":[{"href":"https:\/\/www.maurideangelis.com\/en\/wp-json\/wp\/v2\/media?parent=10975"}],"wp:term":[{"taxonomy":"product_brand","embeddable":true,"href":"https:\/\/www.maurideangelis.com\/en\/wp-json\/wp\/v2\/product_brand?post=10975"},{"taxonomy":"product_cat","embeddable":true,"href":"https:\/\/www.maurideangelis.com\/en\/wp-json\/wp\/v2\/product_cat?post=10975"},{"taxonomy":"product_tag","embeddable":true,"href":"https:\/\/www.maurideangelis.com\/en\/wp-json\/wp\/v2\/product_tag?post=10975"}],"curies":[{"name":"wp","href":"https:\/\/api.w.org\/{rel}","templated":true}]}}