{"id":10903,"date":"2025-08-01T19:04:20","date_gmt":"2025-08-01T17:04:20","guid":{"rendered":"https:\/\/www.maurideangelis.com\/?post_type=product&#038;p=10903"},"modified":"2026-03-17T17:19:32","modified_gmt":"2026-03-17T16:19:32","slug":"rolex-lady-datejust-pearlmaster-81318-black-roman-dial-excellent-conditions-rolex-warranty","status":"publish","type":"product","link":"https:\/\/www.maurideangelis.com\/en\/product\/rolex-lady-datejust-pearlmaster-81318-black-roman-dial-excellent-conditions-rolex-warranty\/","title":{"rendered":"Rolex Lady-Datejust Pearlmaster 81318 &#8211; Black Roman Dial &#8211; Excellent Conditions &#8211; Rolex Warranty"},"content":{"rendered":"<p><strong><span class=\"text-nowrap text-ellipsis\" data-v-2db5289e=\"\">Rolex Lady-Datejust Pearlmaster 81318 &#8211; Black Roman Dial &#8211; Excellent Conditions &#8211; Rolex Warranty<\/span><\/strong><\/p>\n<p>&nbsp;<\/p>\n<p>Introdotto per la prima volta nel 1945 per commemorare il 40\u00b0 anniversario dell&#8217;azienda, il Datejust \u00e8 una delle pi\u00f9 antiche collezioni di orologi Rolex ancora oggi in produzione. Mentre la funzione del datario \u00e8 diventata standard sulla maggior parte degli orologi contemporanei, il Rolex Datejust \u00e8 stato il primo orologio da polso a carica automatica al mondo a presentare una finestra della data con il cambio automatico allo scattare della mezzanotte. Sebbene questa funzionalit\u00e0 possa ora sembrare alquanto comune, \u00e8 stato il Datejust a stabilire lo standard per il funzionamento di una complicazione della data su un orologio da polso. A differenza di molte altre linee di orologi iconici di Rolex, il Datejust non \u00e8 stato specificamente progettato o destinato a un particolare sport, ambiente o attivit\u00e0 di stile di vita.<\/p>\n<p>&nbsp;<\/p>\n<p>The following second hand watch\u00a0<strong>Rolex Pearlmaster<\/strong>\u00a0reference\u00a0<strong>81318<\/strong>\u00a0boasts the following features:<\/p>\n<p>&nbsp;<\/p>\n<p>Case and bracelet in 18K yellow gold<\/p>\n<p>Quadrante nero con indici romani<\/p>\n<p>Ghiera con 12 diamanti &#8211; Factory Set<\/p>\n<p>Excellent condition<\/p>\n<p>Original Rolex guarantee<\/p>\n<p>&nbsp;<\/p>\n<p>&nbsp;<\/p>\n<div class=\"elementor-element elementor-element-6dbd49d e-con-boxed e-flex e-con\" data-id=\"6dbd49d\" data-element_type=\"container\" data-settings=\"{&quot;background_background&quot;:&quot;classic&quot;,&quot;content_width&quot;:&quot;boxed&quot;}\">\n<div class=\"e-con-inner\">\n<div class=\"elementor-element elementor-element-f94f40f elementor-widget elementor-widget-woocommerce-product-content\" data-id=\"f94f40f\" data-element_type=\"widget\" data-widget_type=\"woocommerce-product-content.default\">\n<div class=\"elementor-widget-container\">\n<p>&nbsp;<\/p>\n<\/div>\n<\/div>\n<\/div>\n<\/div>\n<p>&nbsp;<\/p>\n<div class=\"elementor-element elementor-element-6dbd49d e-con-boxed e-flex e-con\" data-id=\"6dbd49d\" data-element_type=\"container\" data-settings=\"{&quot;background_background&quot;:&quot;classic&quot;,&quot;content_width&quot;:&quot;boxed&quot;}\">\n<div class=\"e-con-inner\">\n<div class=\"elementor-element elementor-element-f94f40f elementor-widget elementor-widget-woocommerce-product-content\" data-id=\"f94f40f\" data-element_type=\"widget\" data-widget_type=\"woocommerce-product-content.default\">\n<div class=\"elementor-widget-container\">\n<p>&nbsp;<\/p>\n<\/div>\n<\/div>\n<\/div>\n<\/div>\n<div class=\"elementor-element elementor-element-12a1352 e-con-boxed e-flex e-con\" data-id=\"12a1352\" data-element_type=\"container\" data-settings=\"{&quot;content_width&quot;:&quot;boxed&quot;}\">\n<div class=\"elementor-element elementor-element-6dbd49d e-con-boxed e-flex e-con\" data-id=\"6dbd49d\" data-element_type=\"container\" data-settings=\"{&quot;background_background&quot;:&quot;classic&quot;,&quot;content_width&quot;:&quot;boxed&quot;}\">\n<div class=\"e-con-inner\">\n<div class=\"elementor-element elementor-element-f94f40f elementor-widget elementor-widget-woocommerce-product-content\" data-id=\"f94f40f\" data-element_type=\"widget\" data-widget_type=\"woocommerce-product-content.default\">\n<div class=\"elementor-widget-container\">\n<p>&nbsp;<\/p>\n<\/div>\n<\/div>\n<\/div>\n<\/div>\n<\/div>","protected":false},"excerpt":{"rendered":"<p><strong>RX709<\/strong><\/p>","protected":false},"featured_media":10904,"template":"","meta":{"_acf_changed":false,"_uf_show_specific_survey":0,"_uf_disable_surveys":false},"product_brand":[],"product_cat":[27],"product_tag":[],"class_list":{"0":"post-10903","1":"product","2":"type-product","3":"status-publish","4":"has-post-thumbnail","6":"product_cat-archivio-storico","7":"pa_case-material-18k-yellow-gold","8":"pa_case-size-34-mm","9":"pa_glass-crystal-sapphire","10":"pa_model-datejust","11":"pa_movement-mechanical-automatic","12":"pa_reference-1272","13":"pa_strap-bracelet-material-18k-yellow-gold-with-concealed-clasp","15":"first","16":"outofstock","17":"product-type-simple"},"acf":[],"aioseo_notices":[],"_links":{"self":[{"href":"https:\/\/www.maurideangelis.com\/en\/wp-json\/wp\/v2\/product\/10903","targetHints":{"allow":["GET"]}}],"collection":[{"href":"https:\/\/www.maurideangelis.com\/en\/wp-json\/wp\/v2\/product"}],"about":[{"href":"https:\/\/www.maurideangelis.com\/en\/wp-json\/wp\/v2\/types\/product"}],"wp:featuredmedia":[{"embeddable":true,"href":"https:\/\/www.maurideangelis.com\/en\/wp-json\/wp\/v2\/media\/10904"}],"wp:attachment":[{"href":"https:\/\/www.maurideangelis.com\/en\/wp-json\/wp\/v2\/media?parent=10903"}],"wp:term":[{"taxonomy":"product_brand","embeddable":true,"href":"https:\/\/www.maurideangelis.com\/en\/wp-json\/wp\/v2\/product_brand?post=10903"},{"taxonomy":"product_cat","embeddable":true,"href":"https:\/\/www.maurideangelis.com\/en\/wp-json\/wp\/v2\/product_cat?post=10903"},{"taxonomy":"product_tag","embeddable":true,"href":"https:\/\/www.maurideangelis.com\/en\/wp-json\/wp\/v2\/product_tag?post=10903"}],"curies":[{"name":"wp","href":"https:\/\/api.w.org\/{rel}","templated":true}]}}