{"id":10788,"date":"2025-07-05T18:58:28","date_gmt":"2025-07-05T16:58:28","guid":{"rendered":"https:\/\/www.maurideangelis.com\/?post_type=product&#038;p=10788"},"modified":"2025-12-17T18:35:20","modified_gmt":"2025-12-17T17:35:20","slug":"rolex-datejust-6305-honeycomb-black-dial-oyster-riveted-bracelet-excellent-conditions","status":"publish","type":"product","link":"https:\/\/www.maurideangelis.com\/en\/product\/rolex-datejust-6305-honeycomb-black-dial-oyster-riveted-bracelet-excellent-conditions\/","title":{"rendered":"Rolex Datejust 6305 &#8211; Honeycomb Black Dial &#8211; Oyster Riveted Bracelet &#8211; Excellent Conditions"},"content":{"rendered":"<p><strong><span class=\"text-nowrap text-ellipsis\" data-v-2bbd10fb=\"\">Rolex Datejust 6305 &#8211; Honeycomb Black Dial &#8211; Oyster Riveted Bracelet &#8211; Excellent Conditions<\/span><\/strong><\/p>\n<p>&nbsp;<\/p>\n<p>Introdotto per la prima volta nel 1945 per commemorare il 40\u00b0 anniversario dell&#8217;azienda, il Datejust \u00e8 una delle pi\u00f9 antiche collezioni di orologi Rolex ancora oggi in produzione. Mentre la funzione del datario \u00e8 diventata standard sulla maggior parte degli orologi contemporanei, il Rolex Datejust \u00e8 stato il primo orologio da polso a carica automatica al mondo a presentare una finestra della data con il cambio automatico allo scattare della mezzanotte. Sebbene questa funzionalit\u00e0 possa ora sembrare alquanto comune, \u00e8 stato il questo iconico modello a stabilire lo standard per il funzionamento della complicazione della data su un orologio da polso.<\/p>\n<p>A differenza di molte altre linee di orologi iconici di Rolex, il Datejust non \u00e8 stato specificamente progettato o destinato a un particolare sport, ambiente o attivit\u00e0 di stile di vita ma per un utilizzo quotidiano in grado di resistere e durare nel tempo.<\/p>\n<p>&nbsp;<\/p>\n<p>&nbsp;<\/p>\n<p>This rare example of\u00a0<strong>Rolex Datejust<\/strong>\u00a0reference\u00a0<b>6305 <\/b>boasts the following features:<\/p>\n<p>&nbsp;<\/p>\n<p>Cassa e Bracciale rivettato in Acciaio<\/p>\n<p>Quadrante &#8220;Nido d&#8217;Ape&#8221; nero<\/p>\n<p>Disco datario a &#8220;roulette&#8221;<\/p>\n<p>Fondello con incisione Serpico Y Laino<\/p>\n<p>Excellent condition<\/p>\n<div class=\"elementor-element elementor-element-6dbd49d e-con-boxed e-flex e-con\" data-id=\"6dbd49d\" data-element_type=\"container\" data-settings=\"{&quot;background_background&quot;:&quot;classic&quot;,&quot;content_width&quot;:&quot;boxed&quot;}\">\n<div class=\"e-con-inner\">\n<div class=\"elementor-element elementor-element-f94f40f elementor-widget elementor-widget-woocommerce-product-content\" data-id=\"f94f40f\" data-element_type=\"widget\" data-widget_type=\"woocommerce-product-content.default\">\n<div class=\"elementor-widget-container\">\n<div class=\"elementor-element elementor-element-6dbd49d e-con-boxed e-flex e-con\" data-id=\"6dbd49d\" data-element_type=\"container\" data-settings=\"{&quot;background_background&quot;:&quot;classic&quot;,&quot;content_width&quot;:&quot;boxed&quot;}\">\n<div class=\"e-con-inner\">\n<div class=\"elementor-element elementor-element-f94f40f elementor-widget elementor-widget-woocommerce-product-content\" data-id=\"f94f40f\" data-element_type=\"widget\" data-widget_type=\"woocommerce-product-content.default\">\n<div class=\"elementor-widget-container\">\n<div class=\"elementor-element elementor-element-6dbd49d e-con-boxed e-flex e-con\" data-id=\"6dbd49d\" data-element_type=\"container\" data-settings=\"{&quot;background_background&quot;:&quot;classic&quot;,&quot;content_width&quot;:&quot;boxed&quot;}\">\n<div class=\"e-con-inner\">\n<div class=\"elementor-element elementor-element-f94f40f elementor-widget elementor-widget-woocommerce-product-content\" data-id=\"f94f40f\" data-element_type=\"widget\" data-widget_type=\"woocommerce-product-content.default\">\n<div class=\"elementor-widget-container\">\n<p>&nbsp;<\/p>\n<p>&nbsp;<\/p>\n<p>&nbsp;<\/p>\n<p>&nbsp;<\/p>\n<\/div>\n<\/div>\n<\/div>\n<\/div>\n<\/div>\n<\/div>\n<\/div>\n<\/div>\n<\/div>\n<\/div>\n<\/div>\n<\/div>\n<p>&nbsp;<\/p>\n<p>&nbsp;<\/p>\n<p>&nbsp;<\/p>","protected":false},"excerpt":{"rendered":"<p>RX663<\/p>","protected":false},"featured_media":10789,"template":"","meta":{"_acf_changed":false,"_uf_show_specific_survey":0,"_uf_disable_surveys":false},"product_brand":[],"product_cat":[27],"product_tag":[],"class_list":{"0":"post-10788","1":"product","2":"type-product","3":"status-publish","4":"has-post-thumbnail","6":"product_cat-archivio-storico","7":"pa_case-material-stainless-steel","8":"pa_case-size-36-mm","9":"pa_glass-plexyglass","10":"pa_model-datejust","11":"pa_movement-mechanical-automatic","12":"pa_reference-339","13":"pa_strap-bracelet-material-stainless-steel-oyster-riveted-bracelet","15":"first","16":"outofstock","17":"product-type-simple"},"acf":[],"aioseo_notices":[],"_links":{"self":[{"href":"https:\/\/www.maurideangelis.com\/en\/wp-json\/wp\/v2\/product\/10788","targetHints":{"allow":["GET"]}}],"collection":[{"href":"https:\/\/www.maurideangelis.com\/en\/wp-json\/wp\/v2\/product"}],"about":[{"href":"https:\/\/www.maurideangelis.com\/en\/wp-json\/wp\/v2\/types\/product"}],"wp:featuredmedia":[{"embeddable":true,"href":"https:\/\/www.maurideangelis.com\/en\/wp-json\/wp\/v2\/media\/10789"}],"wp:attachment":[{"href":"https:\/\/www.maurideangelis.com\/en\/wp-json\/wp\/v2\/media?parent=10788"}],"wp:term":[{"taxonomy":"product_brand","embeddable":true,"href":"https:\/\/www.maurideangelis.com\/en\/wp-json\/wp\/v2\/product_brand?post=10788"},{"taxonomy":"product_cat","embeddable":true,"href":"https:\/\/www.maurideangelis.com\/en\/wp-json\/wp\/v2\/product_cat?post=10788"},{"taxonomy":"product_tag","embeddable":true,"href":"https:\/\/www.maurideangelis.com\/en\/wp-json\/wp\/v2\/product_tag?post=10788"}],"curies":[{"name":"wp","href":"https:\/\/api.w.org\/{rel}","templated":true}]}}