{"id":10760,"date":"2025-07-04T20:13:51","date_gmt":"2025-07-04T18:13:51","guid":{"rendered":"https:\/\/www.maurideangelis.com\/?post_type=product&#038;p=10760"},"modified":"2025-07-10T17:43:16","modified_gmt":"2025-07-10T15:43:16","slug":"patek-philippe-nautilus-3800-1a-stainless-steel-blue-dial-unpolished-patek-philippe-warranty","status":"publish","type":"product","link":"https:\/\/www.maurideangelis.com\/en\/product\/patek-philippe-nautilus-3800-1a-stainless-steel-blue-dial-unpolished-patek-philippe-warranty\/","title":{"rendered":"Patek Philippe Nautilus 3800\/1A &#8211; Stainless Steel &#8211; Blue Dial &#8211; Unpolished &#8211; Patek Philippe Warranty"},"content":{"rendered":"<p><strong><span class=\"text-nowrap text-ellipsis\" data-v-2bbd10fb=\"\">Patek Philippe Nautilus 3800\/1A &#8211; Stainless Steel &#8211; Blue Dial &#8211; Unpolished &#8211; Patek Philippe Warranty<\/span><\/strong><\/p>\n<p>&nbsp;<\/p>\n<p>Il Patek Philippe Nautilus 3800 rappresenta un&#8217;icona di design creata dal genio di G\u00e9rald Genta. Pu\u00f2 essere paragonato per molti aspetti al suo fratello maggiore, il Nautilus 3700. Praticamente, la referenza 3800, \u00e8 una versione ridotta del 3700. Questa piccola modifica ha offerto a Patek Philippe una vastit\u00e0 creativa per presentare orologi all&#8217;avanguardia e stravaganti che avrebbero perso la loro eleganza in caso di dimensioni maggiori.<\/p>\n<p>&nbsp;<\/p>\n<p>Questo lussuoso modello<strong> Patek Philippe Nautilus<\/strong> reference <strong>3800\/1A<\/strong> boasts the following features:<\/p>\n<p>&nbsp;<\/p>\n<p>Stainless steel case and bracelet<\/p>\n<p>Unpolished conditions<\/p>\n<p>Original Patek Philippe warranty<\/p>\n<p>&nbsp;<\/p>\n<div class=\"elementor-element elementor-element-6dbd49d e-con-boxed e-flex e-con\" data-id=\"6dbd49d\" data-element_type=\"container\" data-settings=\"{&quot;background_background&quot;:&quot;classic&quot;,&quot;content_width&quot;:&quot;boxed&quot;}\">\n<div class=\"e-con-inner\">\n<div class=\"elementor-element elementor-element-f94f40f elementor-widget elementor-widget-woocommerce-product-content\" data-id=\"f94f40f\" data-element_type=\"widget\" data-widget_type=\"woocommerce-product-content.default\">\n<div class=\"elementor-widget-container\">\n<p>&nbsp;<\/p>\n<\/div>\n<\/div>\n<\/div>\n<\/div>\n<div class=\"elementor-element elementor-element-12a1352 e-con-boxed e-flex e-con\" data-id=\"12a1352\" data-element_type=\"container\" data-settings=\"{&quot;content_width&quot;:&quot;boxed&quot;}\"><\/div>\n<p>&nbsp;<\/p>","protected":false},"excerpt":{"rendered":"<p>PP227<\/p>","protected":false},"featured_media":10765,"template":"","meta":{"_acf_changed":false,"_uf_show_specific_survey":0,"_uf_disable_surveys":false},"product_brand":[],"product_cat":[27],"product_tag":[],"class_list":{"0":"post-10760","1":"product","2":"type-product","3":"status-publish","4":"has-post-thumbnail","6":"product_cat-archivio-storico","7":"pa_case-material-stainless-steel","8":"pa_case-size-37-mm","9":"pa_glass-crystal-sapphire","10":"pa_model-nautilus","11":"pa_movement-mechanical-automatic","12":"pa_reference-432","13":"pa_strap-bracelet-material-stainless-steel-with-deployment-clasp","14":"pa_year-2-177","16":"first","17":"outofstock","18":"product-type-simple"},"acf":[],"aioseo_notices":[],"_links":{"self":[{"href":"https:\/\/www.maurideangelis.com\/en\/wp-json\/wp\/v2\/product\/10760","targetHints":{"allow":["GET"]}}],"collection":[{"href":"https:\/\/www.maurideangelis.com\/en\/wp-json\/wp\/v2\/product"}],"about":[{"href":"https:\/\/www.maurideangelis.com\/en\/wp-json\/wp\/v2\/types\/product"}],"wp:featuredmedia":[{"embeddable":true,"href":"https:\/\/www.maurideangelis.com\/en\/wp-json\/wp\/v2\/media\/10765"}],"wp:attachment":[{"href":"https:\/\/www.maurideangelis.com\/en\/wp-json\/wp\/v2\/media?parent=10760"}],"wp:term":[{"taxonomy":"product_brand","embeddable":true,"href":"https:\/\/www.maurideangelis.com\/en\/wp-json\/wp\/v2\/product_brand?post=10760"},{"taxonomy":"product_cat","embeddable":true,"href":"https:\/\/www.maurideangelis.com\/en\/wp-json\/wp\/v2\/product_cat?post=10760"},{"taxonomy":"product_tag","embeddable":true,"href":"https:\/\/www.maurideangelis.com\/en\/wp-json\/wp\/v2\/product_tag?post=10760"}],"curies":[{"name":"wp","href":"https:\/\/api.w.org\/{rel}","templated":true}]}}